{"id":12,"date":"2021-03-31T12:22:09","date_gmt":"2021-03-31T10:22:09","guid":{"rendered":"https:\/\/www.museumrudolfstolz.eu\/?page_id=12"},"modified":"2025-09-26T09:32:59","modified_gmt":"2025-09-26T07:32:59","slug":"rudolf-stolz-museum-sexten","status":"publish","type":"page","link":"https:\/\/www.museumrudolfstolz.eu\/de\/","title":{"rendered":"Museum Rudolf Stolz Sexten S\u00fcdtirol"},"content":{"rendered":"<p>[et_pb_section fb_built=&#8220;1&#8243; fullwidth=&#8220;on&#8220; _builder_version=&#8220;4.18.0&#8243; _module_preset=&#8220;default&#8220; global_colors_info=&#8220;{}&#8220;][et_pb_fullwidth_slider _builder_version=&#8220;4.18.0&#8243; _module_preset=&#8220;default&#8220; background_color=&#8220;RGBA(255,255,255,0)&#8220; background_enable_image=&#8220;off&#8220; height=&#8220;95vh&#8220; max_height=&#8220;50vw&#8220; animation_style=&#8220;fade&#8220; auto=&#8220;on&#8220; auto_speed=&#8220;4000&#8243; global_colors_info=&#8220;{}&#8220;][et_pb_slide _builder_version=&#8220;4.18.0&#8243; _module_preset=&#8220;default&#8220; background_color=&#8220;RGBA(255,255,255,0)&#8220; background_enable_color=&#8220;on&#8220; background_image=&#8220;https:\/\/www.museumrudolfstolz.eu\/wp-content\/uploads\/2022\/09\/museum-rudolf-stolz-sexten-innenansicht-oben-haw-1666-wisthaler-photography-2016-06-01-2560x1440px.jpg&#8220; background_enable_image=&#8220;on&#8220; parallax=&#8220;on&#8220; global_colors_info=&#8220;{}&#8220; sticky_transition=&#8220;on&#8220;][\/et_pb_slide][\/et_pb_fullwidth_slider][\/et_pb_section][et_pb_section fb_built=&#8220;1&#8243; admin_label=&#8220;Infos&#8220; _builder_version=&#8220;4.18.0&#8243; background_color=&#8220;#F6EFE7&#8243; custom_padding=&#8220;1%|0px|1%|0px|true|false&#8220; global_module=&#8220;1762&#8243; saved_tabs=&#8220;all&#8220; global_colors_info=&#8220;{}&#8220;][et_pb_row column_structure=&#8220;1_3,1_3,1_3&#8243; make_equal=&#8220;on&#8220; _builder_version=&#8220;4.18.0&#8243; _module_preset=&#8220;default&#8220; global_colors_info=&#8220;{}&#8220;][et_pb_column type=&#8220;1_3&#8243; _builder_version=&#8220;4.18.0&#8243; _module_preset=&#8220;default&#8220; custom_css_main_element=&#8220;display: flex;  ||flex-direction: column;  ||justify-content: flex-end; &#8220; global_colors_info=&#8220;{}&#8220;][et_pb_code _builder_version=&#8220;4.27.4&#8243; _module_preset=&#8220;default&#8220; custom_css_main_element=&#8220;font-size: 1.1rem;||line-height: 1.5em;||text-align:justify;&#8220; global_colors_info=&#8220;{}&#8220; custom_css_main_element_last_edited=&#8220;on|phone&#8220; custom_css_main_element_tablet=&#8220;font-size: 1rem;||line-height: 1.5em;||text-align:justify;&#8220; custom_css_main_element_phone=&#8220;font-size: 0.9rem;||line-height: 1.5em;||text-align:justify;&#8220;]\n<span class=\"mb-bhi-display mb-bhi-closed\"><span class=\"mb-bhi-oc-text\">Please enter your opening times in the settings<\/span><\/span><!-- [et_pb_line_break_holder] --><!-- [et_pb_line_break_holder] --><!-- [et_pb_line_break_holder] -->[\/et_pb_code][et_pb_button button_url=&#8220;@ET-DC@eyJkeW5hbWljIjp0cnVlLCJjb250ZW50IjoicG9zdF9saW5rX3VybF9wYWdlIiwic2V0dGluZ3MiOnsicG9zdF9pZCI6IjY2NCJ9fQ==@&#8220; button_text=&#8220;\u00d6ffnungszeiten&#8220; admin_label=&#8220;Button \u00d6ffnungszeiten&#8220; _builder_version=&#8220;4.27.4&#8243; _dynamic_attributes=&#8220;button_url&#8220; _module_preset=&#8220;4e20376e-eb9a-49b1-9e7f-98cf77e7e187&#8243; custom_margin=&#8220;||||false|false&#8220; global_colors_info=&#8220;{}&#8220;][\/et_pb_button][\/et_pb_column][et_pb_column type=&#8220;1_3&#8243; _builder_version=&#8220;4.18.0&#8243; _module_preset=&#8220;default&#8220; custom_css_main_element=&#8220;display: flex;  ||flex-direction: column;  ||justify-content: flex-end; &#8220; global_colors_info=&#8220;{}&#8220;][\/et_pb_column][et_pb_column type=&#8220;1_3&#8243; _builder_version=&#8220;4.18.0&#8243; _module_preset=&#8220;default&#8220; custom_css_main_element=&#8220;display: flex;  ||flex-direction: column;  ||justify-content: flex-end; &#8220; global_colors_info=&#8220;{}&#8220;][et_pb_text disabled_on=&#8220;off|off|off&#8220; _builder_version=&#8220;4.27.4&#8243; _module_preset=&#8220;default&#8220; custom_css_main_element=&#8220;font-size: 1.1rem;||line-height: 1.5em;||text-align:justify;&#8220; locked=&#8220;off&#8220; global_colors_info=&#8220;{}&#8220; custom_css_main_element_tablet=&#8220;font-size: 1rem;||line-height: 1.5em;||text-align:justify;&#8220; custom_css_main_element_phone=&#8220;font-size: 0.9rem;||line-height: 1.5em;||text-align:justify;&#8220; custom_css_main_element_last_edited=&#8220;on|phone&#8220;]<\/p>\n<p>Alle n\u00fctzlichen Informationen f\u00fcr Ihren Besuch des Rudolf Stolz Museums in Sexten finden Sie auf der Seite<\/p>\n<p>[\/et_pb_text][et_pb_button button_url=&#8220;@ET-DC@eyJkeW5hbWljIjp0cnVlLCJjb250ZW50IjoicG9zdF9saW5rX3VybF9wYWdlIiwic2V0dGluZ3MiOnsicG9zdF9pZCI6IjY2NCJ9fQ==@&#8220; button_text=&#8220;Besucherinfos&#8220; admin_label=&#8220;Button Besucherinfos&#8220; _builder_version=&#8220;4.27.4&#8243; _dynamic_attributes=&#8220;button_url&#8220; _module_preset=&#8220;4e20376e-eb9a-49b1-9e7f-98cf77e7e187&#8243; custom_margin=&#8220;||||false|false&#8220; global_colors_info=&#8220;{}&#8220;][\/et_pb_button][\/et_pb_column][\/et_pb_row][\/et_pb_section][et_pb_section fb_built=&#8220;1&#8243; admin_label=&#8220;\u00dcber Uns&#8220; _builder_version=&#8220;4.18.0&#8243; background_color=&#8220;#FBFBFD&#8220; background_enable_image=&#8220;off&#8220; parallax=&#8220;on&#8220; custom_padding=&#8220;5%|0px|5%|0px|true|false&#8220; global_colors_info=&#8220;{}&#8220;][et_pb_row _builder_version=&#8220;4.17.3&#8243; use_custom_width=&#8220;on&#8220; custom_width_px=&#8220;1440px&#8220; global_colors_info=&#8220;{}&#8220;][et_pb_column type=&#8220;4_4&#8243; _builder_version=&#8220;4.16&#8243; custom_padding=&#8220;|||&#8220; global_colors_info=&#8220;{}&#8220; custom_padding__hover=&#8220;|||&#8220;][et_pb_text admin_label=&#8220;Museum Rudolf Stolz in Sexten&#8220; _builder_version=&#8220;4.18.0&#8243; _module_preset=&#8220;default&#8220; max_width_tablet=&#8220;100%&#8220; max_width_phone=&#8220;100%&#8220; max_width_last_edited=&#8220;on|phone&#8220; global_colors_info=&#8220;{}&#8220;]<\/p>\n<h1>Museum Rudolf Stolz in Sexten<\/h1>\n<p>[\/et_pb_text][et_pb_text admin_label=&#8220;Das Museum Rudolf Stolz in Sexten \u2026&#8220; _builder_version=&#8220;4.17.6&#8243; _module_preset=&#8220;default&#8220; global_colors_info=&#8220;{}&#8220;]<\/p>\n<p>Das Museum Rudolf Stolz in Sexten zeigt Skizzen und Entw\u00fcrfe zu Fresken sowie Studien, Aquarelle und graphische Arbeiten des bekannten S\u00fcdtiroler K\u00fcnstlers Rudolf Stolz (* 1874 in Bozen; \u2020 1960 in Sexten) sowie Bilder seines Bruders Albert Stolz (* 1875 in Bozen; \u2020 1947 in Bozen) und pr\u00e4sentiert j\u00e4hrlich Sonderausstellungen mit Werken von Kunstschaffenden vorwiegend aus dem Tiroler Raum.<\/p>\n<p>[\/et_pb_text][\/et_pb_column][\/et_pb_row][\/et_pb_section][et_pb_section fb_built=&#8220;1&#8243; admin_label=&#8220;Events&#8220; _builder_version=&#8220;4.18.0&#8243; _module_preset=&#8220;default&#8220; background_color=&#8220;#FBFBFD&#8220; custom_padding=&#8220;0px|||||&#8220; locked=&#8220;off&#8220; global_colors_info=&#8220;{}&#8220;][et_pb_row column_structure=&#8220;1_3,1_3,1_3&#8243; use_custom_gutter=&#8220;on&#8220; gutter_width=&#8220;1&#8243; make_equal=&#8220;on&#8220; _builder_version=&#8220;4.26.1&#8243; _module_preset=&#8220;default&#8220; width=&#8220;100%&#8220; max_width=&#8220;none&#8220; global_colors_info=&#8220;{}&#8220;][et_pb_column type=&#8220;1_3&#8243; _builder_version=&#8220;4.18.0&#8243; _module_preset=&#8220;default&#8220; background_color=&#8220;#FFFFFF&#8220; background_image=&#8220;https:\/\/www.museumrudolfstolz.eu\/wp-content\/uploads\/2022\/09\/museum-rudolf-stolz-sexten-innenansicht-oben-haw-1666-wisthaler-photography-2016-06-01-2560x1440px.jpg&#8220; parallax=&#8220;on&#8220; parallax_method=&#8220;off&#8220; custom_padding=&#8220;30vw|20px|20px|20px|false|true&#8220; custom_padding_tablet=&#8220;20px|20px|20px|20px|true|true&#8220; custom_padding_phone=&#8220;&#8220; custom_padding_last_edited=&#8220;on|tablet&#8220; global_colors_info=&#8220;{}&#8220;][et_pb_blurb title=&#8220;Museum&#8220; _builder_version=&#8220;4.18.0&#8243; _module_preset=&#8220;6446c953-3be5-454d-8cc0-5a0bb75eda08&#8243; background_color=&#8220;#F6EFE7&#8243; icon_font_size=&#8220;32px&#8220; locked=&#8220;off&#8220; global_colors_info=&#8220;{}&#8220;]Das Rudolf-Stolz-Museum entstand 1969. Im Jahre 2005 erfolgte die Neugestaltung und Erweiterung. Das Museum im Zentrum von Sexten beherbergt Werke von Rudolf und Albert Stolz. Ein Kuratorium betreut die Dauerausstellung und organisiert in st\u00e4ndigem Austausch mit Sammlern und Galeristen aus dem In- und Ausland regelm\u00e4\u00dfig Themen- und Einzelausstellungen.[\/et_pb_blurb][et_pb_button button_url=&#8220;@ET-DC@eyJkeW5hbWljIjp0cnVlLCJjb250ZW50IjoicG9zdF9saW5rX3VybF9wYWdlIiwic2V0dGluZ3MiOnsicG9zdF9pZCI6IjgxNSJ9fQ==@&#8220; button_text=&#8220;Mehr erfahren&#8220; _builder_version=&#8220;4.18.0&#8243; _dynamic_attributes=&#8220;button_url&#8220; _module_preset=&#8220;9536161f-82af-4206-b2b2-21dda6a93912&#8243; global_colors_info=&#8220;{}&#8220;][\/et_pb_button][\/et_pb_column][et_pb_column type=&#8220;1_3&#8243; _builder_version=&#8220;4.18.0&#8243; _module_preset=&#8220;default&#8220; background_color=&#8220;#FFFFFF&#8220; background_image=&#8220;https:\/\/www.museumrudolfstolz.eu\/wp-content\/uploads\/2022\/09\/stolz-rudolf-totentanz-1924-sexten-friedhof-hw7-1045-wisthaler-photography-2022-04-19-2560x1440px.jpg&#8220; parallax=&#8220;on&#8220; custom_padding=&#8220;30vw|20px|20px|20px|false|true&#8220; custom_padding_tablet=&#8220;20px|20px|20px|20px|true|true&#8220; custom_padding_phone=&#8220;&#8220; custom_padding_last_edited=&#8220;on|tablet&#8220; global_colors_info=&#8220;{}&#8220;][et_pb_blurb title=&#8220;Rudolf Stolz&#8220; _builder_version=&#8220;4.18.0&#8243; _module_preset=&#8220;6446c953-3be5-454d-8cc0-5a0bb75eda08&#8243; background_color=&#8220;#BCA274&#8243; icon_font_size=&#8220;32px&#8220; locked=&#8220;off&#8220; global_colors_info=&#8220;{}&#8220;]Rudolf Stolz gilt als der bedeutendste Freskomaler Tirols des fr\u00fchen 20. Jahrhunderts. 1924 entstand der \u201eTotentanz\u201c im Friedhof von Sexten. Neben seinem Freskowerk schuf Stolz ein umfangreiches Oeuvre an Aquarellen und Zeichnungen. 1943 fl\u00fcchtete Rudolf Stolz zusammen mit seiner Familie vor den Wirren des Krieges nach Sexten. Dort lebte er zur\u00fcckgezogen bis zu seinem Tod im Jahre 1960.[\/et_pb_blurb][et_pb_button button_url=&#8220;@ET-DC@eyJkeW5hbWljIjp0cnVlLCJjb250ZW50IjoicG9zdF9saW5rX3VybF9wYWdlIiwic2V0dGluZ3MiOnsicG9zdF9pZCI6IjE4MTcifX0=@&#8220; button_text=&#8220;Mehr erfahren&#8220; _builder_version=&#8220;4.18.0&#8243; _dynamic_attributes=&#8220;button_url&#8220; _module_preset=&#8220;9536161f-82af-4206-b2b2-21dda6a93912&#8243; global_colors_info=&#8220;{}&#8220;][\/et_pb_button][\/et_pb_column][et_pb_column type=&#8220;1_3&#8243; _builder_version=&#8220;4.26.1&#8243; _module_preset=&#8220;default&#8220; background_color=&#8220;#FFFFFF&#8220; background_image=&#8220;https:\/\/www.museumrudolfstolz.eu\/wp-content\/uploads\/museum-rudolf-stolz-sexten-sonderausstellung-2025-walter-moroder-danca-2022-1018x1440px.jpg&#8220; custom_padding=&#8220;30vw|20px|20px|20px|false|true&#8220; custom_padding_tablet=&#8220;20px|20px|20px|20px|true|true&#8220; custom_padding_phone=&#8220;&#8220; custom_padding_last_edited=&#8220;on|tablet&#8220; global_colors_info=&#8220;{}&#8220;][et_pb_blurb title=&#8220;Sonder\u00ad\u00adausstel\u00adlung&#8220; _builder_version=&#8220;4.27.4&#8243; _module_preset=&#8220;6446c953-3be5-454d-8cc0-5a0bb75eda08&#8243; icon_font_size=&#8220;32px&#8220; locked=&#8220;off&#8220; global_colors_info=&#8220;{}&#8220;]<\/p>\n<p>\u201eStille \u2013 Silence. Bilder \u2013 Worte \u2013 Kl\u00e4nge\u201c: So lautet der Titel der Themenausstellung 2025 im Rudolf-Stolz-Museum.<br \/>Der Besuch der Sonderausstellung (29.06. \u2013 05.10.2025) ist zu den regul\u00e4ren \u00d6ffnungszeiten des Museums oder auf Anfrage (Tel. +39 349 7169126) m\u00f6glich<br \/>Der Eintritt ins Museum ist kostenlos.<\/p>\n<p>[\/et_pb_blurb][et_pb_button button_url=&#8220;@ET-DC@eyJkeW5hbWljIjp0cnVlLCJjb250ZW50IjoicG9zdF9saW5rX3VybF9wb3N0Iiwic2V0dGluZ3MiOnsicG9zdF9pZCI6IjMzMzYifX0=@&#8220; button_text=&#8220;Mehr erfahren&#8220; _builder_version=&#8220;4.26.1&#8243; _dynamic_attributes=&#8220;button_url&#8220; _module_preset=&#8220;9536161f-82af-4206-b2b2-21dda6a93912&#8243; global_colors_info=&#8220;{}&#8220;][\/et_pb_button][\/et_pb_column][\/et_pb_row][\/et_pb_section]<\/p>\n","protected":false},"excerpt":{"rendered":"<p>\n<span class=\"mb-bhi-display mb-bhi-closed\"><span class=\"mb-bhi-oc-text\">Please enter your opening times in the settings<\/span><\/span>Alle n\u00fctzlichen Informationen f\u00fcr Ihren Besuch des Rudolf Stolz Museums in Sexten finden Sie auf der SeiteMuseum Rudolf Stolz in SextenDas Museum Rudolf Stolz in Sexten zeigt Skizzen und Entw\u00fcrfe zu Fresken sowie Studien, Aquarelle [&hellip;]<\/p>\n","protected":false},"author":2,"featured_media":0,"parent":0,"menu_order":0,"comment_status":"closed","ping_status":"closed","template":"","meta":{"_et_pb_use_builder":"on","_et_pb_old_content":"","_et_gb_content_width":"","footnotes":""},"class_list":["post-12","page","type-page","status-publish","hentry"],"_links":{"self":[{"href":"https:\/\/www.museumrudolfstolz.eu\/de\/wp-json\/wp\/v2\/pages\/12","targetHints":{"allow":["GET"]}}],"collection":[{"href":"https:\/\/www.museumrudolfstolz.eu\/de\/wp-json\/wp\/v2\/pages"}],"about":[{"href":"https:\/\/www.museumrudolfstolz.eu\/de\/wp-json\/wp\/v2\/types\/page"}],"author":[{"embeddable":true,"href":"https:\/\/www.museumrudolfstolz.eu\/de\/wp-json\/wp\/v2\/users\/2"}],"replies":[{"embeddable":true,"href":"https:\/\/www.museumrudolfstolz.eu\/de\/wp-json\/wp\/v2\/comments?post=12"}],"version-history":[{"count":322,"href":"https:\/\/www.museumrudolfstolz.eu\/de\/wp-json\/wp\/v2\/pages\/12\/revisions"}],"predecessor-version":[{"id":3732,"href":"https:\/\/www.museumrudolfstolz.eu\/de\/wp-json\/wp\/v2\/pages\/12\/revisions\/3732"}],"wp:attachment":[{"href":"https:\/\/www.museumrudolfstolz.eu\/de\/wp-json\/wp\/v2\/media?parent=12"}],"curies":[{"name":"wp","href":"https:\/\/api.w.org\/{rel}","templated":true}]}}