{"id":815,"date":"2022-06-22T14:39:04","date_gmt":"2022-06-22T12:39:04","guid":{"rendered":"https:\/\/www.museumrudolfstolz.eu\/?page_id=815"},"modified":"2022-09-28T16:26:12","modified_gmt":"2022-09-28T14:26:12","slug":"das-museum","status":"publish","type":"page","link":"https:\/\/www.museumrudolfstolz.eu\/de\/das-museum\/","title":{"rendered":"Das Museum"},"content":{"rendered":"<p>[et_pb_section fb_built=&#8220;1&#8243; fullwidth=&#8220;on&#8220; _builder_version=&#8220;4.18.0&#8243; _module_preset=&#8220;default&#8220; global_colors_info=&#8220;{}&#8220;][et_pb_fullwidth_slider _builder_version=&#8220;4.18.0&#8243; _module_preset=&#8220;default&#8220; background_color=&#8220;RGBA(255,255,255,0)&#8220; background_enable_image=&#8220;off&#8220; height=&#8220;95vh&#8220; max_height=&#8220;50vw&#8220; animation_style=&#8220;fade&#8220; auto=&#8220;on&#8220; auto_speed=&#8220;4000&#8243; global_colors_info=&#8220;{}&#8220;][et_pb_slide _builder_version=&#8220;4.18.0&#8243; _module_preset=&#8220;default&#8220; background_color=&#8220;RGBA(255,255,255,0)&#8220; background_enable_color=&#8220;on&#8220; background_image=&#8220;https:\/\/www.museumrudolfstolz.eu\/wp-content\/uploads\/2022\/09\/museum-rudolf-stolz-sexten-innenansicht-haw-1652-wisthaler-photography-2022-06-16-2560x1440px.jpg&#8220; background_enable_image=&#8220;on&#8220; parallax=&#8220;on&#8220; global_colors_info=&#8220;{}&#8220; sticky_transition=&#8220;on&#8220;][\/et_pb_slide][\/et_pb_fullwidth_slider][\/et_pb_section][et_pb_section fb_built=&#8220;1&#8243; admin_label=&#8220;Infos&#8220; _builder_version=&#8220;4.18.0&#8243; background_color=&#8220;#F6EFE7&#8243; custom_padding=&#8220;1%|0px|1%|0px|true|false&#8220; global_module=&#8220;1762&#8243; global_colors_info=&#8220;{}&#8220;][et_pb_row column_structure=&#8220;1_3,1_3,1_3&#8243; make_equal=&#8220;on&#8220; _builder_version=&#8220;4.18.0&#8243; _module_preset=&#8220;default&#8220; global_colors_info=&#8220;{}&#8220;][et_pb_column type=&#8220;1_3&#8243; _builder_version=&#8220;4.18.0&#8243; _module_preset=&#8220;default&#8220; custom_css_main_element=&#8220;display: flex;  ||flex-direction: column;  ||justify-content: flex-end; &#8220; global_colors_info=&#8220;{}&#8220;][et_pb_text _builder_version=&#8220;4.18.0&#8243; _module_preset=&#8220;default&#8220; global_colors_info=&#8220;{}&#8220;]<span>No location found for this name. Either review your location name or go to Settings > Business Hours Indicator to set up locations.<\/span><br \/>\n<br \/>\n[\/et_pb_text][et_pb_button button_url=&#8220;@ET-DC@eyJkeW5hbWljIjp0cnVlLCJjb250ZW50IjoicG9zdF9saW5rX3VybF9wYWdlIiwic2V0dGluZ3MiOnsicG9zdF9pZCI6IjY2NCJ9fQ==@&#8220; button_text=&#8220;\u00d6ffnungszeiten&#8220; admin_label=&#8220;Button \u00d6ffnungszeiten&#8220; _builder_version=&#8220;4.18.0&#8243; _dynamic_attributes=&#8220;button_url&#8220; _module_preset=&#8220;4e20376e-eb9a-49b1-9e7f-98cf77e7e187&#8243; custom_margin=&#8220;||||false|false&#8220; global_colors_info=&#8220;{}&#8220;][\/et_pb_button][\/et_pb_column][et_pb_column type=&#8220;1_3&#8243; _builder_version=&#8220;4.18.0&#8243; _module_preset=&#8220;default&#8220; custom_css_main_element=&#8220;display: flex;  ||flex-direction: column;  ||justify-content: flex-end; &#8220; global_colors_info=&#8220;{}&#8220;][\/et_pb_column][et_pb_column type=&#8220;1_3&#8243; _builder_version=&#8220;4.18.0&#8243; _module_preset=&#8220;default&#8220; custom_css_main_element=&#8220;display: flex;  ||flex-direction: column;  ||justify-content: flex-end; &#8220; global_colors_info=&#8220;{}&#8220;][et_pb_text _builder_version=&#8220;4.18.0&#8243; _module_preset=&#8220;default&#8220; locked=&#8220;off&#8220; global_colors_info=&#8220;{}&#8220;]<\/p>\n<p>Alle n\u00fctzlichen Informationen f\u00fcr Ihren Besuch des Rudolf-Stolz-Museums in Sexten finden Sie unter<\/p>\n<p>[\/et_pb_text][et_pb_button button_url=&#8220;@ET-DC@eyJkeW5hbWljIjp0cnVlLCJjb250ZW50IjoicG9zdF9saW5rX3VybF9wYWdlIiwic2V0dGluZ3MiOnsicG9zdF9pZCI6IjY2NCJ9fQ==@&#8220; button_text=&#8220;Besucherinfos&#8220; admin_label=&#8220;Button Besucherinformationen&#8220; _builder_version=&#8220;4.18.0&#8243; _dynamic_attributes=&#8220;button_url&#8220; _module_preset=&#8220;4e20376e-eb9a-49b1-9e7f-98cf77e7e187&#8243; custom_margin=&#8220;||||false|false&#8220; global_colors_info=&#8220;{}&#8220;][\/et_pb_button][\/et_pb_column][\/et_pb_row][\/et_pb_section][et_pb_section fb_built=&#8220;1&#8243; _builder_version=&#8220;4.18.0&#8243; background_color=&#8220;RGBA(255,255,255,0)&#8220; global_colors_info=&#8220;{}&#8220;][et_pb_row _builder_version=&#8220;4.17.3&#8243; use_custom_width=&#8220;on&#8220; custom_width_px=&#8220;1440px&#8220; global_colors_info=&#8220;{}&#8220;][et_pb_column type=&#8220;4_4&#8243; _builder_version=&#8220;4.16&#8243; custom_padding=&#8220;|||&#8220; global_colors_info=&#8220;{}&#8220; custom_padding__hover=&#8220;|||&#8220;][et_pb_text admin_label=&#8220;Das Museum&#8220; _builder_version=&#8220;4.18.0&#8243; _module_preset=&#8220;default&#8220; global_colors_info=&#8220;{}&#8220;]<\/p>\n<h1>Das Museum<\/h1>\n<p>[\/et_pb_text][et_pb_text _builder_version=&#8220;4.18.0&#8243; _module_preset=&#8220;default&#8220; global_colors_info=&#8220;{}&#8220;]Das Museum Rudolf Stolz in Sexten entstand 1969 auf Betreiben von Margarethe Stolz Hoke, der Tochter des Malers Rudolf Stolz und des K\u00fcnstlers Giselbert Hoke, des Architekten Erich Pattis sowie kunstinteressierter B\u00fcrger und B\u00fcrgerinnen als \u00f6ffentliches Museum. Es wurde am 13. April 1969 er\u00f6ffnet und in den folgenden 25 Jahren von der Tochter Hanni Stolz und nach deren Tod von Rudolf Holzer betreut. [\/et_pb_text][\/et_pb_column][\/et_pb_row][\/et_pb_section][et_pb_section fb_built=&#8220;1&#8243; make_equal=&#8220;on&#8220; specialty=&#8220;on&#8220; custom_padding_last_edited=&#8220;on|phone&#8220; parallax_2=&#8220;on&#8220; background_color_2=&#8220;rgba(246,239,231,0.84)&#8220; bg_img_2=&#8220;https:\/\/www.museumrudolfstolz.eu\/wp-content\/uploads\/2022\/06\/psychiatrist_13.png&#8220; padding_top_1=&#8220;20vw&#8220; padding_top_2=&#8220;10vw&#8220; padding_right_2=&#8220;80px&#8220; padding_bottom_1=&#8220;20vw&#8220; padding_bottom_2=&#8220;80px&#8220; padding_left_2=&#8220;80px&#8220; padding_top_bottom_link_1=&#8220;true&#8220; padding_top_bottom_link_2=&#8220;false&#8220; padding_left_right_link_1=&#8220;false&#8220; padding_left_right_link_2=&#8220;true&#8220; padding_2_tablet=&#8220;&#8220; padding_2_phone=&#8220;|20px||20px|false|true&#8220; padding_2_last_edited=&#8220;on|phone&#8220; _builder_version=&#8220;4.18.0&#8243; _module_preset=&#8220;default&#8220; background_image=&#8220;https:\/\/www.museumrudolfstolz.eu\/wp-content\/uploads\/2022\/09\/museum-rudolf-stolz-sexten-innenansicht-oben-img-0104-a-2560x1440px.jpg&#8220; parallax=&#8220;on&#8220; inner_width=&#8220;100%&#8220; inner_max_width=&#8220;none&#8220; custom_margin=&#8220;|0px||0px|false|true&#8220; custom_margin_tablet=&#8220;&#8220; custom_margin_phone=&#8220;|20px||20px|false|true&#8220; custom_margin_last_edited=&#8220;on|desktop&#8220; custom_padding=&#8220;0px||0px|10vw|true|false&#8220; custom_padding_tablet=&#8220;&#8220; custom_padding_phone=&#8220;|5vw||5vw|true|true&#8220; box_shadow_style=&#8220;preset3&#8243; box_shadow_vertical=&#8220;100px&#8220; box_shadow_blur=&#8220;200px&#8220; box_shadow_spread=&#8220;-50px&#8220; box_shadow_color=&#8220;rgba(131,146,167,0.32)&#8220; locked=&#8220;off&#8220; global_colors_info=&#8220;{}&#8220;][et_pb_column type=&#8220;1_2&#8243; specialty_columns=&#8220;2&#8243; _builder_version=&#8220;4.16&#8243; _module_preset=&#8220;default&#8220; custom_padding=&#8220;|||&#8220; global_colors_info=&#8220;{}&#8220; custom_padding__hover=&#8220;|||&#8220;][\/et_pb_column][et_pb_column type=&#8220;1_2&#8243; _builder_version=&#8220;4.16&#8243; _module_preset=&#8220;default&#8220; custom_padding=&#8220;|||&#8220; global_colors_info=&#8220;{}&#8220; custom_padding__hover=&#8220;|||&#8220;][et_pb_text _builder_version=&#8220;4.18.0&#8243; _module_preset=&#8220;default&#8220; text_text_color=&#8220;#000000&#8243; text_font_size=&#8220;17px&#8220; header_2_font=&#8220;Taviraj||||||||&#8220; header_2_font_size=&#8220;50px&#8220; background_enable_color=&#8220;off&#8220; max_width=&#8220;550px&#8220; max_width_tablet=&#8220;100%&#8220; hover_enabled=&#8220;0&#8243; text_font_size_phone=&#8220;15px&#8220; header_2_font_size_tablet=&#8220;40px&#8220; header_2_font_size_phone=&#8220;30px&#8220; border_radii=&#8220;on|6px|6px|6px|6px&#8220; locked=&#8220;off&#8220; global_colors_info=&#8220;{}&#8220; sticky_enabled=&#8220;0&#8243;]<\/p>\n<p>2005 erfolgte die Neugestaltung und Erweiterung. Ein Kuratorium bestehend aus Hermann Rogger, Karl Mayr und Johannes Watschinger betreut die Dauerausstellung und organisiert in st\u00e4ndigem Austausch mit Sammlern und Galeristen aus dem In- und Ausland regelm\u00e4\u00dfig Themen- und Einzelausstellungen.<\/p>\n<p>Das Museum befindet sich im Zentrum des Ortes und beherbergt Werke von Rudolf und Albert Stolz. Der Bildbestand wurde im Laufe der Jahre u.a. durch gro\u00dfz\u00fcgige Schenkungen erweitert, vor allem durch die Schwestern Inge, Annemarie und Rosmarie Reut-Nicolussi, welche Werke der beiden Malerbr\u00fcder aus ihrer Zeit als Kriegsmaler am Gardasee dem Museum zueigneten.<\/p>\n<p>2015 konnte au\u00dferdem durch die gro\u00dfz\u00fcgige Unterst\u00fctzung eines Privatunternehmers, der Gemeinde und der Stiftung Sparkasse das Bild \u201eRegentag in Sexten\u201c der \u00f6sterreichischen Impressionistin Marie Egner f\u00fcr das Museum erworben werden. Die K\u00fcnstlerin hielt sich 1906 in Sexten auf, wo sie sich in der Pension Hofer einquartierte.<\/p>\n<p>[\/et_pb_text][\/et_pb_column][\/et_pb_section]<\/p>\n","protected":false},"excerpt":{"rendered":"<p><span>No location found for this name. Either review your location name or go to Settings > Business Hours Indicator to set up locations.<\/span>  Alle n\u00fctzlichen Informationen f\u00fcr Ihren Besuch des Rudolf-Stolz-Museums in Sexten finden Sie unterDas MuseumDas Museum Rudolf Stolz in Sexten entstand 1969 auf Betreiben von Margarethe Stolz Hoke, der Tochter des Malers Rudolf Stolz und des K\u00fcnstlers Giselbert Hoke, [&hellip;]<\/p>\n","protected":false},"author":2,"featured_media":0,"parent":0,"menu_order":0,"comment_status":"closed","ping_status":"closed","template":"","meta":{"_et_pb_use_builder":"on","_et_pb_old_content":"","_et_gb_content_width":"","footnotes":""},"class_list":["post-815","page","type-page","status-publish","hentry"],"_links":{"self":[{"href":"https:\/\/www.museumrudolfstolz.eu\/de\/wp-json\/wp\/v2\/pages\/815","targetHints":{"allow":["GET"]}}],"collection":[{"href":"https:\/\/www.museumrudolfstolz.eu\/de\/wp-json\/wp\/v2\/pages"}],"about":[{"href":"https:\/\/www.museumrudolfstolz.eu\/de\/wp-json\/wp\/v2\/types\/page"}],"author":[{"embeddable":true,"href":"https:\/\/www.museumrudolfstolz.eu\/de\/wp-json\/wp\/v2\/users\/2"}],"replies":[{"embeddable":true,"href":"https:\/\/www.museumrudolfstolz.eu\/de\/wp-json\/wp\/v2\/comments?post=815"}],"version-history":[{"count":23,"href":"https:\/\/www.museumrudolfstolz.eu\/de\/wp-json\/wp\/v2\/pages\/815\/revisions"}],"predecessor-version":[{"id":2107,"href":"https:\/\/www.museumrudolfstolz.eu\/de\/wp-json\/wp\/v2\/pages\/815\/revisions\/2107"}],"wp:attachment":[{"href":"https:\/\/www.museumrudolfstolz.eu\/de\/wp-json\/wp\/v2\/media?parent=815"}],"curies":[{"name":"wp","href":"https:\/\/api.w.org\/{rel}","templated":true}]}}