{"id":1990,"date":"2022-06-21T14:15:45","date_gmt":"2022-06-21T12:15:45","guid":{"rendered":"https:\/\/www.museumrudolfstolz.eu\/besucherinformationen-oeffnungszeiten-anfahrt\/"},"modified":"2025-08-26T11:30:30","modified_gmt":"2025-08-26T09:30:30","slug":"informazioni-per-visitatori-orari-apertura-come-arrivare","status":"publish","type":"page","link":"https:\/\/www.museumrudolfstolz.eu\/it\/informazioni-per-visitatori-orari-apertura-come-arrivare\/","title":{"rendered":"Informazioni per i visitatori, orari di apertura, come arrivare"},"content":{"rendered":"<p>[et_pb_section fb_built=&#8221;1&#8243; fullwidth=&#8221;on&#8221; _builder_version=&#8221;4.17.2&#8243; _module_preset=&#8221;default&#8221; global_colors_info=&#8221;{}&#8221;][et_pb_fullwidth_slider _builder_version=&#8221;4.18.0&#8243; _module_preset=&#8221;default&#8221; height=&#8221;50vh&#8221; max_height=&#8221;50vw&#8221; animation_style=&#8221;fade&#8221; auto=&#8221;on&#8221; auto_speed=&#8221;4000&#8243; global_colors_info=&#8221;{}&#8221;][et_pb_slide _builder_version=&#8221;4.18.0&#8243; _module_preset=&#8221;default&#8221; background_color=&#8221;#FBFBFD&#8221; background_enable_color=&#8221;on&#8221; background_image=&#8221;https:\/\/www.museumrudolfstolz.eu\/wp-content\/uploads\/2022\/09\/museum-rudolf-stolz-sexten-aussenansicht-haw-1678-wisthaler-photography-2022-06-16-2560x1440px.jpg&#8221; background_enable_image=&#8221;on&#8221; parallax=&#8221;on&#8221; global_colors_info=&#8221;{}&#8221; sticky_transition=&#8221;on&#8221;][\/et_pb_slide][\/et_pb_fullwidth_slider][\/et_pb_section][et_pb_section fb_built=&#8221;1&#8243; admin_label=&#8221;Besucherinformationen&#8221; _builder_version=&#8221;4.17.4&#8243; background_enable_color=&#8221;off&#8221; global_colors_info=&#8221;{}&#8221;][et_pb_row _builder_version=&#8221;4.17.3&#8243; use_custom_width=&#8221;on&#8221; custom_width_px=&#8221;1440px&#8221; global_colors_info=&#8221;{}&#8221;][et_pb_column type=&#8221;4_4&#8243; _builder_version=&#8221;4.16&#8243; custom_padding=&#8221;|||&#8221; global_colors_info=&#8221;{}&#8221; custom_padding__hover=&#8221;|||&#8221;][et_pb_text admin_label=&#8221;Besucherinformationen&#8221; _builder_version=&#8221;4.18.0&#8243; _module_preset=&#8221;default&#8221; global_colors_info=&#8221;{}&#8221;]<\/p>\n<h1>Informazioni per i visitatori<\/h1>\n<p>[\/et_pb_text][et_pb_text _builder_version=&#8221;4.18.0&#8243; _module_preset=&#8221;default&#8221; global_colors_info=&#8221;{}&#8221;]<\/p>\n<p>Di seguito trovi tutte le informazioni utili per la tua visita al Museo Rudolf Stolz di Sesto, dagli orari di apertura agli indirizzi di contatto.\n<\/p>\n<p>L&#8217;ingresso al museo \u00e8 gratuito<\/p>\n<p>Il Museo Rudolf Stolz \u00e8 aperto da fine giugno a inizio ottobre.<\/p>\n<p>Su richiesta il museo \u00e8 accessibile anche al di fuori dell&#8217;orario ordinario di apertura: Tel. +39 349 7169126.<\/p>\n<p>[\/et_pb_text][\/et_pb_column][\/et_pb_row][et_pb_row _builder_version=&#8221;4.17.3&#8243; use_custom_width=&#8221;on&#8221; custom_width_px=&#8221;1440px&#8221; global_colors_info=&#8221;{}&#8221;][et_pb_column type=&#8221;4_4&#8243; _builder_version=&#8221;4.16&#8243; custom_padding=&#8221;|||&#8221; global_colors_info=&#8221;{}&#8221; custom_padding__hover=&#8221;|||&#8221;][et_pb_text admin_label=&#8221;\u00d6ffnungszeiten&#8221; _builder_version=&#8221;4.18.0&#8243; _module_preset=&#8221;default&#8221; global_colors_info=&#8221;{}&#8221;]<\/p>\n<h2>Orari di apertura<\/h2>\n<p>[\/et_pb_text][et_pb_accordion module_class=&#8221;gk-accordion&#8221; _builder_version=&#8221;4.27.4&#8243; _module_preset=&#8221;default&#8221; global_colors_info=&#8221;{}&#8221;][et_pb_accordion_item title=&#8221;29 giugno &#8211; 31 agosto&#8221; open=&#8221;on&#8221; _builder_version=&#8221;4.27.4&#8243; _module_preset=&#8221;default&#8221; global_colors_info=&#8221;{}&#8221;]<table class=\"mabel-bhi-businesshours\"><tbody><tr class=\"mbhi-is-current\"><td class=\"mabel-bhi-day\">venerd\u00ec<\/td><td>14:00 - 19:00<\/td><\/tr><tr ><td class=\"mabel-bhi-day\">sabato<\/td><td>14:00 - 19:00<\/td><\/tr><tr ><td class=\"mabel-bhi-day\">domenica<\/td><td>14:00 - 19:00<\/td><\/tr><tr ><td class=\"mabel-bhi-day\">lunedi<\/td><td>Chiuso<\/td><\/tr><tr ><td class=\"mabel-bhi-day\">marted\u00ec<\/td><td>14:00 - 19:00<\/td><\/tr><tr ><td class=\"mabel-bhi-day\">mercoled\u00ec<\/td><td>14:00 - 19:00<\/td><\/tr><tr ><td class=\"mabel-bhi-day\">giovedi<\/td><td>14:00 - 19:00<\/td><\/tr><\/tbody><\/table>[\/et_pb_accordion_item][et_pb_accordion_item title=&#8221;1\u00ba settembre &#8211; 21 settembre&#8221; _builder_version=&#8221;4.27.4&#8243; _module_preset=&#8221;default&#8221; global_colors_info=&#8221;{}&#8221; open=&#8221;off&#8221;]<table class=\"mabel-bhi-businesshours\"><tbody><tr class=\"mbhi-is-current\"><td class=\"mabel-bhi-day\">venerd\u00ec<\/td><td>15:00 - 18:00<\/td><\/tr><tr ><td class=\"mabel-bhi-day\">sabato<\/td><td>15:00 - 18:00<\/td><\/tr><tr ><td class=\"mabel-bhi-day\">domenica<\/td><td>15:00 - 18:00<\/td><\/tr><tr ><td class=\"mabel-bhi-day\">lunedi<\/td><td>Chiuso<\/td><\/tr><tr ><td class=\"mabel-bhi-day\">marted\u00ec<\/td><td>15:00 - 18:00<\/td><\/tr><tr ><td class=\"mabel-bhi-day\">mercoled\u00ec<\/td><td>15:00 - 18:00<\/td><\/tr><tr ><td class=\"mabel-bhi-day\">giovedi<\/td><td>15:00 - 18:00<\/td><\/tr><\/tbody><\/table>[\/et_pb_accordion_item][et_pb_accordion_item title=&#8221;22 settembre &#8211; 5 ottobre&#8221; _builder_version=&#8221;4.27.4&#8243; _module_preset=&#8221;default&#8221; global_colors_info=&#8221;{}&#8221; open=&#8221;off&#8221;]<table class=\"mabel-bhi-businesshours\"><tbody><tr class=\"mbhi-is-current\"><td class=\"mabel-bhi-day\">venerd\u00ec<\/td><td>15:00 - 18:00<\/td><\/tr><tr ><td class=\"mabel-bhi-day\">sabato<\/td><td>Chiuso<\/td><\/tr><tr ><td class=\"mabel-bhi-day\">domenica<\/td><td>15:00 - 18:00<\/td><\/tr><tr ><td class=\"mabel-bhi-day\">lunedi<\/td><td>Chiuso<\/td><\/tr><tr ><td class=\"mabel-bhi-day\">marted\u00ec<\/td><td>Chiuso<\/td><\/tr><tr ><td class=\"mabel-bhi-day\">mercoled\u00ec<\/td><td>15:00 - 18:00<\/td><\/tr><tr ><td class=\"mabel-bhi-day\">giovedi<\/td><td>Chiuso<\/td><\/tr><\/tbody><\/table>[\/et_pb_accordion_item][\/et_pb_accordion][\/et_pb_column][\/et_pb_row][et_pb_row column_structure=&#8221;1_2,1_2&#8243; _builder_version=&#8221;4.17.3&#8243; use_custom_width=&#8221;on&#8221; custom_width_px=&#8221;1440px&#8221; global_colors_info=&#8221;{}&#8221;][et_pb_column type=&#8221;1_2&#8243; _builder_version=&#8221;4.16&#8243; custom_padding=&#8221;|||&#8221; global_colors_info=&#8221;{}&#8221; custom_padding__hover=&#8221;|||&#8221;][et_pb_code _builder_version=&#8221;4.17.4&#8243; _module_preset=&#8221;default&#8221; global_colors_info=&#8221;{}&#8221;]<iframe src=\"https:\/\/www.google.com\/maps\/embed?pb=!1m18!1m12!1m3!1d1122.276728753876!2d12.349933492701037!3d46.701442020676204!2m3!1f0!2f0!3f0!3m2!1i1024!2i768!4f13.1!3m3!1m2!1s0x4779d3875ede3f65%3A0x19df5b92f268b59a!2sMuseum%20Rudolf%20Stolz!5e1!3m2!1sde!2sit!4v1655887097307!5m2!1sde!2sit\" width=\"600\" height=\"450\" style=\"border:0;\" allowfullscreen=\"\" loading=\"lazy\" referrerpolicy=\"no-referrer-when-downgrade\"><\/iframe>[\/et_pb_code][\/et_pb_column][et_pb_column type=&#8221;1_2&#8243; _builder_version=&#8221;4.16&#8243; custom_padding=&#8221;|||&#8221; global_colors_info=&#8221;{}&#8221; custom_padding__hover=&#8221;|||&#8221;][\/et_pb_column][\/et_pb_row][\/et_pb_section]<\/p>\n","protected":false},"excerpt":{"rendered":"<p>Informazioni per i visitatoriDi seguito trovi tutte le informazioni utili per la tua visita al Museo Rudolf Stolz di Sesto, dagli orari di apertura agli indirizzi di contatto. L&#8217;ingresso al museo \u00e8 gratuito Il Museo Rudolf Stolz \u00e8 aperto da fine giugno a inizio ottobre. Su richiesta il museo \u00e8 accessibile anche al di fuori [&hellip;]<\/p>\n","protected":false},"author":2,"featured_media":0,"parent":0,"menu_order":0,"comment_status":"closed","ping_status":"closed","template":"","meta":{"_et_pb_use_builder":"on","_et_pb_old_content":"","_et_gb_content_width":"","footnotes":""},"class_list":["post-1990","page","type-page","status-publish","hentry"],"_links":{"self":[{"href":"https:\/\/www.museumrudolfstolz.eu\/it\/wp-json\/wp\/v2\/pages\/1990","targetHints":{"allow":["GET"]}}],"collection":[{"href":"https:\/\/www.museumrudolfstolz.eu\/it\/wp-json\/wp\/v2\/pages"}],"about":[{"href":"https:\/\/www.museumrudolfstolz.eu\/it\/wp-json\/wp\/v2\/types\/page"}],"author":[{"embeddable":true,"href":"https:\/\/www.museumrudolfstolz.eu\/it\/wp-json\/wp\/v2\/users\/2"}],"replies":[{"embeddable":true,"href":"https:\/\/www.museumrudolfstolz.eu\/it\/wp-json\/wp\/v2\/comments?post=1990"}],"version-history":[{"count":16,"href":"https:\/\/www.museumrudolfstolz.eu\/it\/wp-json\/wp\/v2\/pages\/1990\/revisions"}],"predecessor-version":[{"id":3446,"href":"https:\/\/www.museumrudolfstolz.eu\/it\/wp-json\/wp\/v2\/pages\/1990\/revisions\/3446"}],"wp:attachment":[{"href":"https:\/\/www.museumrudolfstolz.eu\/it\/wp-json\/wp\/v2\/media?parent=1990"}],"curies":[{"name":"wp","href":"https:\/\/api.w.org\/{rel}","templated":true}]}}